{"id":1588,"date":"2021-05-20T10:04:02","date_gmt":"2021-05-20T10:04:02","guid":{"rendered":"https:\/\/askka.qodeinteractive.com\/?page_id=1588"},"modified":"2025-08-08T18:40:27","modified_gmt":"2025-08-08T16:40:27","slug":"our-team","status":"publish","type":"page","link":"https:\/\/zajeciaplastyczne.pl\/?page_id=1588","title":{"rendered":"O mnie"},"content":{"rendered":"<p><img width=\"2560\" height=\"1920\" src=\"https:\/\/zajeciaplastyczne.pl\/wp-content\/uploads\/2023\/09\/IMG_20210711_125958-1-scaled.jpg\" alt=\"\" decoding=\"async\" srcset=\"https:\/\/zajeciaplastyczne.pl\/wp-content\/uploads\/2023\/09\/IMG_20210711_125958-1-scaled.jpg 2560w, https:\/\/zajeciaplastyczne.pl\/wp-content\/uploads\/2023\/09\/IMG_20210711_125958-1-300x225.jpg 300w, https:\/\/zajeciaplastyczne.pl\/wp-content\/uploads\/2023\/09\/IMG_20210711_125958-1-1024x768.jpg 1024w, https:\/\/zajeciaplastyczne.pl\/wp-content\/uploads\/2023\/09\/IMG_20210711_125958-1-768x576.jpg 768w, https:\/\/zajeciaplastyczne.pl\/wp-content\/uploads\/2023\/09\/IMG_20210711_125958-1-1536x1152.jpg 1536w, https:\/\/zajeciaplastyczne.pl\/wp-content\/uploads\/2023\/09\/IMG_20210711_125958-1-2048x1536.jpg 2048w, https:\/\/zajeciaplastyczne.pl\/wp-content\/uploads\/2023\/09\/IMG_20210711_125958-1-600x450.jpg 600w\" sizes=\"(max-width: 2560px) 100vw, 2560px\" \/>\t\t<\/p>\n<h3 >\n\t\t\tMagdalena Wasi\u0144ska Sipa\t<\/h3>\n<p >\nNazywam si\u0119 Magdalena Wasi\u0144ska-Sipa, uko\u0144czy\u0142am Akademi\u0119 Sztuk Pi\u0119knych w \u0141odzi na wydziale grafiki i malarstwa, prowadz\u0119 zaj\u0119cia plastyczne oraz warsztaty z r\u0119kodzie\u0142a i z ceramiki. min. Ceramika, malowanie na tkaninie, malowanie na szkle, makrama, tworzenie bi\u017cuterii, \u015bwiec, malowanie koszulek, malarstwo, rysunek i wiele innych \ud83d\ude42 Zapraszam do kontaktu<\/p>\n<p>\t\t\t\t\t\t<a itemprop=\"url\" href=\"https:\/\/www.facebook.com\/profile.php?id=100093507713412\" target=\"http:\/\/_blank\" rel=\"noopener\">Facebook<\/a><\/p>\n","protected":false},"excerpt":{"rendered":"<p>Magdalena Wasi\u0144ska Sipa Nazywam si\u0119 Magdalena Wasi\u0144ska-Sipa, uko\u0144czy\u0142am Akademi\u0119 Sztuk Pi\u0119knych w \u0141odzi na wydziale grafiki i malarstwa, prowadz\u0119 zaj\u0119cia plastyczne oraz warsztaty z r\u0119kodzie\u0142a i z ceramiki. min. Ceramika, malowanie na tkaninie, malowanie na szkle, makrama, tworzenie bi\u017cuterii, \u015bwiec, malowanie koszulek, malarstwo, rysunek i wiele innych \ud83d\ude42 Zapraszam do kontaktu Facebook<\/p>\n","protected":false},"author":1,"featured_media":0,"parent":0,"menu_order":0,"comment_status":"closed","ping_status":"closed","template":"page-full-width.php","meta":{"footnotes":""},"class_list":["post-1588","page","type-page","status-publish","hentry"],"_links":{"self":[{"href":"https:\/\/zajeciaplastyczne.pl\/index.php?rest_route=\/wp\/v2\/pages\/1588","targetHints":{"allow":["GET"]}}],"collection":[{"href":"https:\/\/zajeciaplastyczne.pl\/index.php?rest_route=\/wp\/v2\/pages"}],"about":[{"href":"https:\/\/zajeciaplastyczne.pl\/index.php?rest_route=\/wp\/v2\/types\/page"}],"author":[{"embeddable":true,"href":"https:\/\/zajeciaplastyczne.pl\/index.php?rest_route=\/wp\/v2\/users\/1"}],"replies":[{"embeddable":true,"href":"https:\/\/zajeciaplastyczne.pl\/index.php?rest_route=%2Fwp%2Fv2%2Fcomments&post=1588"}],"version-history":[{"count":13,"href":"https:\/\/zajeciaplastyczne.pl\/index.php?rest_route=\/wp\/v2\/pages\/1588\/revisions"}],"predecessor-version":[{"id":8806,"href":"https:\/\/zajeciaplastyczne.pl\/index.php?rest_route=\/wp\/v2\/pages\/1588\/revisions\/8806"}],"wp:attachment":[{"href":"https:\/\/zajeciaplastyczne.pl\/index.php?rest_route=%2Fwp%2Fv2%2Fmedia&parent=1588"}],"curies":[{"name":"wp","href":"https:\/\/api.w.org\/{rel}","templated":true}]}}