{"id":2723,"date":"2021-05-24T13:27:31","date_gmt":"2021-05-24T13:27:31","guid":{"rendered":"https:\/\/askka.qodeinteractive.com\/?page_id=2723"},"modified":"2023-09-19T12:22:19","modified_gmt":"2023-09-19T10:22:19","slug":"about-us","status":"publish","type":"page","link":"https:\/\/zajeciaplastyczne.pl\/?page_id=2723","title":{"rendered":"Warsztaty grupowe"},"content":{"rendered":"\t\t<div data-elementor-type=\"wp-page\" data-elementor-id=\"2723\" class=\"elementor elementor-2723\">\n\t\t\t\t\t\t\t\t\t<section class=\"elementor-section elementor-top-section elementor-element elementor-element-1ba12a9 elementor-section-boxed elementor-section-height-default elementor-section-height-default qodef-elementor-content-no\" data-id=\"1ba12a9\" data-element_type=\"section\">\n\t\t\t\t\t\t<div class=\"elementor-container elementor-column-gap-default\">\n\t\t\t\t\t<div class=\"elementor-column elementor-col-100 elementor-top-column elementor-element elementor-element-5a96683\" data-id=\"5a96683\" data-element_type=\"column\">\n\t\t\t<div class=\"elementor-widget-wrap elementor-element-populated\">\n\t\t\t\t\t\t\t\t<div class=\"elementor-element elementor-element-ea26101 elementor-widget elementor-widget-image\" data-id=\"ea26101\" data-element_type=\"widget\" data-widget_type=\"image.default\">\n\t\t\t\t<div class=\"elementor-widget-container\">\n\t\t\t<style>\/*! elementor - v3.16.0 - 14-09-2023 *\/\n.elementor-widget-image{text-align:center}.elementor-widget-image a{display:inline-block}.elementor-widget-image a img[src$=\".svg\"]{width:48px}.elementor-widget-image img{vertical-align:middle;display:inline-block}<\/style>\t\t\t\t\t\t\t\t\t\t\t\t<img decoding=\"async\" width=\"1024\" height=\"683\" src=\"https:\/\/zajeciaplastyczne.pl\/wp-content\/uploads\/2023\/09\/IMG_0205-1-1024x683.jpg\" class=\"attachment-large size-large wp-image-8852\" alt=\"\" srcset=\"https:\/\/zajeciaplastyczne.pl\/wp-content\/uploads\/2023\/09\/IMG_0205-1-1024x683.jpg 1024w, https:\/\/zajeciaplastyczne.pl\/wp-content\/uploads\/2023\/09\/IMG_0205-1-300x200.jpg 300w, https:\/\/zajeciaplastyczne.pl\/wp-content\/uploads\/2023\/09\/IMG_0205-1-768x512.jpg 768w, https:\/\/zajeciaplastyczne.pl\/wp-content\/uploads\/2023\/09\/IMG_0205-1-1536x1024.jpg 1536w, https:\/\/zajeciaplastyczne.pl\/wp-content\/uploads\/2023\/09\/IMG_0205-1-2048x1365.jpg 2048w, https:\/\/zajeciaplastyczne.pl\/wp-content\/uploads\/2023\/09\/IMG_0205-1-600x400.jpg 600w\" sizes=\"(max-width: 1024px) 100vw, 1024px\" \/>\t\t\t\t\t\t\t\t\t\t\t\t\t\t\t<\/div>\n\t\t\t\t<\/div>\n\t\t\t\t<div class=\"elementor-element elementor-element-9af1083 elementor-widget elementor-widget-askka_core_section_title\" data-id=\"9af1083\" data-element_type=\"widget\" data-widget_type=\"askka_core_section_title.default\">\n\t\t\t\t<div class=\"elementor-widget-container\">\n\t\t\t<div class=\"qodef-shortcode qodef-m  qodef-section-title qodef-alignment--center \"  >\n\t\t<var class=\"qodef-m-background-text\" data-vertical-offset-3840=\"35\" style=\"font-size: 130px;top: 35px\">\n\t\t<span>ceramika<\/span>\n\t<\/var>\n\t\t<span class=\"qodef-m-subtitle\" >dla firm, rodzin, znajomych<\/span>\n\t\t<h2 class=\"qodef-m-title\" >\n\t\t\t\t\tWarsztaty grupowe\t\t\t<\/h2>\n\t<\/div>\n\t\t<\/div>\n\t\t\t\t<\/div>\n\t\t\t\t<div class=\"elementor-element elementor-element-c685260 elementor-widget elementor-widget-text-editor\" data-id=\"c685260\" data-element_type=\"widget\" data-widget_type=\"text-editor.default\">\n\t\t\t\t<div class=\"elementor-widget-container\">\n\t\t\t<style>\/*! elementor - v3.16.0 - 14-09-2023 *\/\n.elementor-widget-text-editor.elementor-drop-cap-view-stacked .elementor-drop-cap{background-color:#69727d;color:#fff}.elementor-widget-text-editor.elementor-drop-cap-view-framed .elementor-drop-cap{color:#69727d;border:3px solid;background-color:transparent}.elementor-widget-text-editor:not(.elementor-drop-cap-view-default) .elementor-drop-cap{margin-top:8px}.elementor-widget-text-editor:not(.elementor-drop-cap-view-default) .elementor-drop-cap-letter{width:1em;height:1em}.elementor-widget-text-editor .elementor-drop-cap{float:left;text-align:center;line-height:1;font-size:50px}.elementor-widget-text-editor .elementor-drop-cap-letter{display:inline-block}<\/style>\t\t\t\t<p>Organizuj\u0119 warsztaty grupowe zar\u00f3wno dla firm, jak i grupy znajomych. Zapraszam na tw\u00f3rcz\u0105 integracj\u0119 w przyjemnej atmosferze.<\/p><p>To propozycja dla grup os\u00f3b zaczynaj\u0105cych swoj\u0105 przygod\u0119 z ceramik\u0105 jak i tych ju\u017c bardziej do\u015bwiadczonych.<\/p><p>\u00a0<\/p><p style=\"background-color: #ffffff;\"><span style=\"font-weight: bold;\">Przyk\u0142ad zaj\u0119\u0107 z ceramiki<\/span><\/p><ul style=\"background-color: #ffffff;\"><li><span style=\"color: var( --e-global-color-text ); font-family: var( --e-global-typography-text-font-family ), Sans-serif; font-weight: var( --e-global-typography-text-font-weight );\">2 zaj\u0119cia po 4h<\/span><ul style=\"background-color: #ffffff;\"><li>w odst\u0119pie minimum 2 dni na schni\u0119cie gliny<\/li><\/ul><\/li><li>materia\u0142y potrzebne do zaj\u0119\u0107 (glina, narz\u0119dzia, szkliwa itd)<\/li><li>opiek\u0119 i pomoc prowadz\u0105cej<\/li><li>darmowe wypalanie przygotowanych prac<\/li><li>wszystkie Wasze prace zostaj\u0105 Wasz\u0105 w\u0142asno\u015bci\u0105<\/li><li>kawa, s\u0142odkie przek\u0105ski<\/li><\/ul>\t\t\t\t\t\t<\/div>\n\t\t\t\t<\/div>\n\t\t\t\t\t<\/div>\n\t\t<\/div>\n\t\t\t\t\t\t\t<\/div>\n\t\t<\/section>\n\t\t<div class=\"elementor-element elementor-element-edabc05 e-flex e-con-boxed e-con e-parent\" data-id=\"edabc05\" data-element_type=\"container\" data-settings=\"{&quot;content_width&quot;:&quot;boxed&quot;}\" data-core-v316-plus=\"true\">\n\t\t\t\t\t<div class=\"e-con-inner\">\n\t\t\t\t<div class=\"elementor-element elementor-element-0b067f9 elementor-widget elementor-widget-qi_addons_for_elementor_button\" data-id=\"0b067f9\" data-element_type=\"widget\" data-widget_type=\"qi_addons_for_elementor_button.default\">\n\t\t\t\t<div class=\"elementor-widget-container\">\n\t\t\t<a class=\"qodef-shortcode qodef-m  qodef-qi-button qodef-html--link qodef-layout--filled qodef-type--standard   qodef-icon--right qodef-hover--icon-move-horizontal-short     \" href=\"https:\/\/zajeciaplastyczne.pl\/?page_id=1622\" target=\"_self\">\n\t<span class=\"qodef-m-text\">Zapraszam do kontaktu<\/span>\n\t<\/a>\n\t\t<\/div>\n\t\t\t\t<\/div>\n\t\t\t\t\t<\/div>\n\t\t\t\t<\/div>\n\t\t\t\t\t\t\t<\/div>\n\t\t","protected":false},"excerpt":{"rendered":"<p>ceramika dla firm, rodzin, znajomych Warsztaty grupowe Organizuj\u0119 warsztaty grupowe zar\u00f3wno dla firm, jak i grupy znajomych. Zapraszam na tw\u00f3rcz\u0105 integracj\u0119 w przyjemnej atmosferze. To propozycja dla grup os\u00f3b zaczynaj\u0105cych swoj\u0105 przygod\u0119 z ceramik\u0105 jak i tych ju\u017c bardziej do\u015bwiadczonych. Przyk\u0142ad zaj\u0119\u0107 z ceramiki 2 zaj\u0119cia po 4h w odst\u0119pie minimum 2 dni na schni\u0119cie [&hellip;]<\/p>\n","protected":false},"author":1,"featured_media":0,"parent":0,"menu_order":0,"comment_status":"closed","ping_status":"closed","template":"page-full-width.php","meta":{"footnotes":""},"class_list":["post-2723","page","type-page","status-publish","hentry"],"_links":{"self":[{"href":"https:\/\/zajeciaplastyczne.pl\/index.php?rest_route=\/wp\/v2\/pages\/2723","targetHints":{"allow":["GET"]}}],"collection":[{"href":"https:\/\/zajeciaplastyczne.pl\/index.php?rest_route=\/wp\/v2\/pages"}],"about":[{"href":"https:\/\/zajeciaplastyczne.pl\/index.php?rest_route=\/wp\/v2\/types\/page"}],"author":[{"embeddable":true,"href":"https:\/\/zajeciaplastyczne.pl\/index.php?rest_route=\/wp\/v2\/users\/1"}],"replies":[{"embeddable":true,"href":"https:\/\/zajeciaplastyczne.pl\/index.php?rest_route=%2Fwp%2Fv2%2Fcomments&post=2723"}],"version-history":[{"count":27,"href":"https:\/\/zajeciaplastyczne.pl\/index.php?rest_route=\/wp\/v2\/pages\/2723\/revisions"}],"predecessor-version":[{"id":8885,"href":"https:\/\/zajeciaplastyczne.pl\/index.php?rest_route=\/wp\/v2\/pages\/2723\/revisions\/8885"}],"wp:attachment":[{"href":"https:\/\/zajeciaplastyczne.pl\/index.php?rest_route=%2Fwp%2Fv2%2Fmedia&parent=2723"}],"curies":[{"name":"wp","href":"https:\/\/api.w.org\/{rel}","templated":true}]}}