{"id":8773,"date":"2023-09-18T19:46:05","date_gmt":"2023-09-18T17:46:05","guid":{"rendered":"https:\/\/zajeciaplastyczne.pl\/?post_type=product&#038;p=8773"},"modified":"2025-11-05T23:00:07","modified_gmt":"2025-11-05T22:00:07","slug":"zajecia-grupowe-dla-dzieci-6-8-lat","status":"publish","type":"product","link":"https:\/\/zajeciaplastyczne.pl\/?product=zajecia-grupowe-dla-dzieci-6-8-lat","title":{"rendered":"Zaj\u0119cia plastyczne dla dzieci, 6-8 lat"},"content":{"rendered":"<p><span style=\"color: #ff0000;\"><strong>Masz pytania? Zadzwo\u0144 506 844 498<\/strong><\/span><\/p>\n<p>Zaj\u0119cia grupowe dla dzieci,<\/p>\n<p>Na zaj\u0119ciach dzieci poznaj\u0105 r\u00f3\u017cne techniki takie jak:<\/p>\n<ul>\n<li><strong>ceramika<\/strong><\/li>\n<li><strong>rysunek i malarstwo<\/strong><\/li>\n<li><strong>malowanie na tkaninie<\/strong><\/li>\n<li><strong>r\u0119kodzie\u0142o<\/strong><\/li>\n<li><strong>decoupage<\/strong><\/li>\n<li><strong>makrama<\/strong><\/li>\n<li><strong>farbowanie koszulek<\/strong><\/li>\n<li><strong>tworzenie bi\u017cuterii<\/strong><\/li>\n<li><strong>recykling<\/strong><\/li>\n<li><strong>projektowanie graficzne i inne<\/strong>\u00a0\ud83d\ude09<\/li>\n<\/ul>\n<p>Korzystamy z wysokiej jako\u015bci, profesjonalnych materia\u0142\u00f3w przeznaczonych dla plastyk\u00f3w.<\/p>\n<p>&nbsp;<\/p>\n<p>Kameralne grupy do 10 os\u00f3b.<\/p>\n<p>Zaj\u0119cia odbywaj\u0105 si\u0119 w ka\u017cdy poniedzia\u0142ek o godz. 16.30-17.45\u00a0 (trwaj\u0105 75min).<\/p>\n<p>Koszt 250z\u0142\/miesi\u0105c<\/p>\n<p>adres ul. Baczy\u0144skiego 35, 91-170 \u0141\u00f3d\u017a<\/p>\n<p>&nbsp;<\/p>\n<p><strong>Uwaga! P\u0142atno\u015b\u0107 jest za miesi\u0105c (4\/5 zaj\u0119\u0107) z g\u00f3ry.<\/strong><\/p>\n","protected":false},"excerpt":{"rendered":"<p>Masz pytania? Zadzwo\u0144 506 844 498 Zaj\u0119cia grupowe dla dzieci, Na zaj\u0119ciach dzieci poznaj\u0105 r\u00f3\u017cne techniki takie jak: ceramika rysunek i malarstwo malowanie na tkaninie r\u0119kodzie\u0142o decoupage makrama farbowanie koszulek tworzenie bi\u017cuterii recykling projektowanie graficzne i inne\u00a0\ud83d\ude09 Korzystamy z wysokiej jako\u015bci, profesjonalnych materia\u0142\u00f3w przeznaczonych dla plastyk\u00f3w. &nbsp; Kameralne grupy do 10 os\u00f3b. Zaj\u0119cia odbywaj\u0105 si\u0119 [&hellip;]<\/p>\n","protected":false},"featured_media":8757,"comment_status":"open","ping_status":"closed","template":"","meta":[],"product_cat":[71],"product_tag":[],"class_list":{"0":"post-8773","1":"product","2":"type-product","3":"status-publish","4":"has-post-thumbnail","6":"product_cat-zajecia-grupowe","8":"first","9":"outofstock","10":"shipping-taxable","11":"purchasable","12":"product-type-simple"},"_links":{"self":[{"href":"https:\/\/zajeciaplastyczne.pl\/index.php?rest_route=\/wp\/v2\/product\/8773","targetHints":{"allow":["GET"]}}],"collection":[{"href":"https:\/\/zajeciaplastyczne.pl\/index.php?rest_route=\/wp\/v2\/product"}],"about":[{"href":"https:\/\/zajeciaplastyczne.pl\/index.php?rest_route=\/wp\/v2\/types\/product"}],"replies":[{"embeddable":true,"href":"https:\/\/zajeciaplastyczne.pl\/index.php?rest_route=%2Fwp%2Fv2%2Fcomments&post=8773"}],"wp:featuredmedia":[{"embeddable":true,"href":"https:\/\/zajeciaplastyczne.pl\/index.php?rest_route=\/wp\/v2\/media\/8757"}],"wp:attachment":[{"href":"https:\/\/zajeciaplastyczne.pl\/index.php?rest_route=%2Fwp%2Fv2%2Fmedia&parent=8773"}],"wp:term":[{"taxonomy":"product_cat","embeddable":true,"href":"https:\/\/zajeciaplastyczne.pl\/index.php?rest_route=%2Fwp%2Fv2%2Fproduct_cat&post=8773"},{"taxonomy":"product_tag","embeddable":true,"href":"https:\/\/zajeciaplastyczne.pl\/index.php?rest_route=%2Fwp%2Fv2%2Fproduct_tag&post=8773"}],"curies":[{"name":"wp","href":"https:\/\/api.w.org\/{rel}","templated":true}]}}